{"id":26,"date":"2025-12-29T18:42:03","date_gmt":"2025-12-29T17:42:03","guid":{"rendered":"https:\/\/nicereels.pl\/?page_id=26"},"modified":"2025-12-29T20:30:56","modified_gmt":"2025-12-29T19:30:56","slug":"nice-reels","status":"publish","type":"page","link":"https:\/\/nicereels.pl\/","title":{"rendered":"Nice Reels"},"content":{"rendered":"\t\t<div data-elementor-type=\"wp-page\" data-elementor-id=\"26\" class=\"elementor elementor-26\">\n\t\t\t\t<div class=\"elementor-element elementor-element-78e1d75 e-flex e-con-boxed e-con e-parent\" data-id=\"78e1d75\" data-element_type=\"container\">\n\t\t\t\t\t<div class=\"e-con-inner\">\n\t\t\t\t<div class=\"elementor-element elementor-element-4bf2a3b elementor-widget elementor-widget-flex-hero\" data-id=\"4bf2a3b\" data-element_type=\"widget\" data-settings=\"{&quot;image_shape&quot;:&quot;rounded&quot;,&quot;layout_preset&quot;:&quot;showcase&quot;,&quot;layout_column_structure&quot;:&quot;50-50&quot;,&quot;layout_image_position&quot;:&quot;end&quot;,&quot;primary_button_shape&quot;:&quot;default&quot;,&quot;box_shape&quot;:&quot;sharp&quot;}\" data-widget_type=\"flex-hero.default\">\n\t\t\t\t<div class=\"elementor-widget-container\">\n\t\t\t\t\t\t\t<div class=\"has-shape-sharp shape-type-box has-column-structure-50-50  ehp-flex-hero has-layout-preset-showcase has-image-position-end\">\n\t\t\t\t\t\t<div class=\"ehp-flex-hero__overlay\"><\/div>\n\t\t\t<div class=\"ehp-flex-hero__content-container\">\n\t\t\t\t<h2 class=\"ehp-flex-hero__heading\">LET\u2019S MAKE \nYOUR BRAND \nGLOW<\/h2>\t\t\t<div class=\"ehp-flex-hero__ctas-container\">\n\t\t\t\t\t\t\t\t\t\t\t<\/div>\n\t\t\t\t\t<\/div>\n\t\t\t\t<div class=\"ehp-flex-hero__image-wrapper\">\n\t\t\t\t\t<div class=\"ehp-image ehp-flex-hero__image-container\">\n\t\t\t\t<img decoding=\"async\" class=\"ehp-image__img ehp-flex-hero__img has-border has-shape-rounded shape-type-image\" src=\"https:\/\/nicereels.pl\/wp-content\/uploads\/2025\/12\/605630143_1468296901667628_4281330707037148038_n-1.jpg\" title=\"605630143_1468296901667628_4281330707037148038_n\" alt=\"605630143_1468296901667628_4281330707037148038_n\" loading=\"lazy\" \/>\t\t\t<\/div>\n\t\t\t\t\t<\/div>\n\t\t\t\t<\/div>\n\t\t\t\t\t\t<\/div>\n\t\t\t\t<\/div>\n\t\t\t\t\t<\/div>\n\t\t\t\t<\/div>\n\t\t<div class=\"elementor-element elementor-element-a43c207 e-flex e-con-boxed e-con e-parent\" data-id=\"a43c207\" data-element_type=\"container\">\n\t\t\t\t\t<div class=\"e-con-inner\">\n\t\t\t\t<div class=\"elementor-element elementor-element-fdb48a1 elementor-widget elementor-widget-flex-hero\" data-id=\"fdb48a1\" data-element_type=\"widget\" data-settings=\"{&quot;layout_image_position&quot;:&quot;start&quot;,&quot;layout_image_position_mobile&quot;:&quot;end&quot;,&quot;image_shape&quot;:&quot;rounded&quot;,&quot;layout_preset&quot;:&quot;showcase&quot;,&quot;layout_column_structure&quot;:&quot;50-50&quot;,&quot;primary_button_shape&quot;:&quot;default&quot;,&quot;box_shape&quot;:&quot;sharp&quot;}\" data-widget_type=\"flex-hero.default\">\n\t\t\t\t<div class=\"elementor-widget-container\">\n\t\t\t\t\t\t\t<div class=\"has-shape-sharp shape-type-box has-column-structure-50-50  ehp-flex-hero has-layout-preset-showcase has-image-position-start has-image-position-sm-end\">\n\t\t\t\t\t\t<div class=\"ehp-flex-hero__overlay\"><\/div>\n\t\t\t<div class=\"ehp-flex-hero__content-container\">\n\t\t\t\t<p class=\"ehp-flex-hero__intro\">O MNIE<\/p><h2 class=\"ehp-flex-hero__heading\">Hejka! Jestem Kasia - \nogarniam social media, tworz\u0119 i inspiruj\u0119.<\/h2><p class=\"ehp-flex-hero__subheading\">Uwielbiam zachody s\u0142o\u0144ca, podr\u00f3\u017ce i prawdziwe historie ludzi i marek.\nW nice.reels tworz\u0119 videocontent, kt\u00f3ry przyci\u0105ga uwag\u0119 od pierwszych sekund \u2014 bo \u0142\u0105czy estetyk\u0119, emocje i strategiczne my\u015blenie.\nWierz\u0119, \u017ce ka\u017cdy kadr mo\u017ce by\u0107 jak moment przed zachodem s\u0142o\u0144ca \u2014 ciep\u0142y, pe\u0142en \u015bwiat\u0142a i zapami\u0119tywany na d\u0142ugo.\nDlatego tworzone przeze mnie materia\u0142y to nie tylko \u0142adne obrazki, ale tre\u015bci, kt\u00f3re pracuj\u0105 na Tw\u00f3j wizerunek, buduj\u0105 relacje i przyci\u0105gaj\u0105 odbiorc\u00f3w.\nOpowiem Twoj\u0105 histori\u0119 prawdziwie i pi\u0119knie \u2014 tak, by mo\u017cna by\u0142o j\u0105 poczu\u0107 i zapami\u0119ta\u0107.\n<\/p>\t\t\t<div class=\"ehp-flex-hero__ctas-container\">\n\t\t\t\t\t\t\t\t\t\t\t<\/div>\n\t\t\t\t\t<\/div>\n\t\t\t\t<div class=\"ehp-flex-hero__image-wrapper\">\n\t\t\t\t\t<div class=\"ehp-image ehp-flex-hero__image-container\">\n\t\t\t\t<img decoding=\"async\" class=\"ehp-image__img ehp-flex-hero__img has-border has-shape-rounded shape-type-image\" src=\"https:\/\/nicereels.pl\/wp-content\/uploads\/2025\/12\/605309398_1263074945663270_192381792509429546_n-1.jpg\" title=\"605309398_1263074945663270_192381792509429546_n\" alt=\"605309398_1263074945663270_192381792509429546_n\" loading=\"lazy\" \/>\t\t\t<\/div>\n\t\t\t\t\t<\/div>\n\t\t\t\t<\/div>\n\t\t\t\t\t\t<\/div>\n\t\t\t\t<\/div>\n\t\t\t\t\t<\/div>\n\t\t\t\t<\/div>\n\t\t<div class=\"elementor-element elementor-element-02205fb e-flex e-con-boxed e-con e-parent\" data-id=\"02205fb\" data-element_type=\"container\">\n\t\t\t\t\t<div class=\"e-con-inner\">\n\t\t\t\t<div class=\"elementor-element elementor-element-16ad940 elementor-widget elementor-widget-heading\" data-id=\"16ad940\" data-element_type=\"widget\" data-widget_type=\"heading.default\">\n\t\t\t\t\t<h2 class=\"elementor-heading-title elementor-size-default\">Nasza oferta<\/h2>\t\t\t\t<\/div>\n\t\t\t\t<div class=\"elementor-element elementor-element-f72a9ee elementor-widget elementor-widget-heading\" data-id=\"f72a9ee\" data-element_type=\"widget\" data-widget_type=\"heading.default\">\n\t\t\t\t\t<h2 class=\"elementor-heading-title elementor-size-default\">Od koncepcji do realizacji - oferujemy kompleksowe rozwi\u0105zania social media, kt\u00f3re podnosz\u0105 Twoj\u0105 mark\u0119 na wy\u017cszy poziom.<\/h2>\t\t\t\t<\/div>\n\t\t\t\t\t<\/div>\n\t\t\t\t<\/div>\n\t\t<div class=\"elementor-element elementor-element-ff58d3c e-flex e-con-boxed e-con e-parent\" data-id=\"ff58d3c\" data-element_type=\"container\">\n\t\t\t\t\t<div class=\"e-con-inner\">\n\t\t<div class=\"elementor-element elementor-element-d65a6f4 e-con-full e-flex e-con e-child\" data-id=\"d65a6f4\" data-element_type=\"container\" data-settings=\"{&quot;background_background&quot;:&quot;classic&quot;}\">\n\t\t\t\t<div class=\"elementor-element elementor-element-1a1f29e elementor-view-default elementor-position-block-start elementor-mobile-position-block-start elementor-widget elementor-widget-icon-box\" data-id=\"1a1f29e\" data-element_type=\"widget\" data-widget_type=\"icon-box.default\">\n\t\t\t\t\t\t\t<div class=\"elementor-icon-box-wrapper\">\n\n\t\t\t\t\t\t<div class=\"elementor-icon-box-icon\">\n\t\t\t\t<span  class=\"elementor-icon\">\n\t\t\t\t<svg aria-hidden=\"true\" class=\"e-font-icon-svg e-fas-video\" viewBox=\"0 0 576 512\" xmlns=\"http:\/\/www.w3.org\/2000\/svg\"><path d=\"M336.2 64H47.8C21.4 64 0 85.4 0 111.8v288.4C0 426.6 21.4 448 47.8 448h288.4c26.4 0 47.8-21.4 47.8-47.8V111.8c0-26.4-21.4-47.8-47.8-47.8zm189.4 37.7L416 177.3v157.4l109.6 75.5c21.2 14.6 50.4-.3 50.4-25.8V127.5c0-25.4-29.1-40.4-50.4-25.8z\"><\/path><\/svg>\t\t\t\t<\/span>\n\t\t\t<\/div>\n\t\t\t\n\t\t\t\t\t\t<div class=\"elementor-icon-box-content\">\n\n\t\t\t\t\t\t\t\t\t<h3 class=\"elementor-icon-box-title\">\n\t\t\t\t\t\t<span  >\n\t\t\t\t\t\t\tProdukcja i monta\u017c Reels\u00f3w\t\t\t\t\t\t<\/span>\n\t\t\t\t\t<\/h3>\n\t\t\t\t\n\t\t\t\t\t\t\t\t\t<p class=\"elementor-icon-box-description\">\n\t\t\t\t\t\tProfesjonalne nagrywanie i monta\u017c anga\u017cuj\u0105cych kr\u00f3tkich filmik\u00f3w, kt\u00f3re przyci\u0105gaj\u0105 uwag\u0119 i zwi\u0119kszaj\u0105 zaanga\u017cowanie na Instagramie i TikToku.\t\t\t\t\t<\/p>\n\t\t\t\t\n\t\t\t<\/div>\n\t\t\t\n\t\t<\/div>\n\t\t\t\t\t\t<\/div>\n\t\t\t\t<\/div>\n\t\t<div class=\"elementor-element elementor-element-93cb81d e-con-full e-flex e-con e-child\" data-id=\"93cb81d\" data-element_type=\"container\" data-settings=\"{&quot;background_background&quot;:&quot;classic&quot;}\">\n\t\t\t\t<div class=\"elementor-element elementor-element-9bd77b9 elementor-view-default elementor-position-block-start elementor-mobile-position-block-start elementor-widget elementor-widget-icon-box\" data-id=\"9bd77b9\" data-element_type=\"widget\" data-widget_type=\"icon-box.default\">\n\t\t\t\t\t\t\t<div class=\"elementor-icon-box-wrapper\">\n\n\t\t\t\t\t\t<div class=\"elementor-icon-box-icon\">\n\t\t\t\t<span  class=\"elementor-icon\">\n\t\t\t\t<svg aria-hidden=\"true\" class=\"e-font-icon-svg e-fab-instagram\" viewBox=\"0 0 448 512\" xmlns=\"http:\/\/www.w3.org\/2000\/svg\"><path d=\"M224.1 141c-63.6 0-114.9 51.3-114.9 114.9s51.3 114.9 114.9 114.9S339 319.5 339 255.9 287.7 141 224.1 141zm0 189.6c-41.1 0-74.7-33.5-74.7-74.7s33.5-74.7 74.7-74.7 74.7 33.5 74.7 74.7-33.6 74.7-74.7 74.7zm146.4-194.3c0 14.9-12 26.8-26.8 26.8-14.9 0-26.8-12-26.8-26.8s12-26.8 26.8-26.8 26.8 12 26.8 26.8zm76.1 27.2c-1.7-35.9-9.9-67.7-36.2-93.9-26.2-26.2-58-34.4-93.9-36.2-37-2.1-147.9-2.1-184.9 0-35.8 1.7-67.6 9.9-93.9 36.1s-34.4 58-36.2 93.9c-2.1 37-2.1 147.9 0 184.9 1.7 35.9 9.9 67.7 36.2 93.9s58 34.4 93.9 36.2c37 2.1 147.9 2.1 184.9 0 35.9-1.7 67.7-9.9 93.9-36.2 26.2-26.2 34.4-58 36.2-93.9 2.1-37 2.1-147.8 0-184.8zM398.8 388c-7.8 19.6-22.9 34.7-42.6 42.6-29.5 11.7-99.5 9-132.1 9s-102.7 2.6-132.1-9c-19.6-7.8-34.7-22.9-42.6-42.6-11.7-29.5-9-99.5-9-132.1s-2.6-102.7 9-132.1c7.8-19.6 22.9-34.7 42.6-42.6 29.5-11.7 99.5-9 132.1-9s102.7-2.6 132.1 9c19.6 7.8 34.7 22.9 42.6 42.6 11.7 29.5 9 99.5 9 132.1s2.7 102.7-9 132.1z\"><\/path><\/svg>\t\t\t\t<\/span>\n\t\t\t<\/div>\n\t\t\t\n\t\t\t\t\t\t<div class=\"elementor-icon-box-content\">\n\n\t\t\t\t\t\t\t\t\t<h3 class=\"elementor-icon-box-title\">\n\t\t\t\t\t\t<span  >\n\t\t\t\t\t\t\tProwadzenie Instagrama\t\t\t\t\t\t<\/span>\n\t\t\t\t\t<\/h3>\n\t\t\t\t\n\t\t\t\t\t\t\t\t\t<p class=\"elementor-icon-box-description\">\n\t\t\t\t\t\tKompleksowe zarz\u0105dzanie profilem, w tym strategia tre\u015bci, harmonogram publikacji, stories i budowanie spo\u0142eczno\u015bci.\t\t\t\t\t<\/p>\n\t\t\t\t\n\t\t\t<\/div>\n\t\t\t\n\t\t<\/div>\n\t\t\t\t\t\t<\/div>\n\t\t\t\t<\/div>\n\t\t\t\t\t<\/div>\n\t\t\t\t<\/div>\n\t\t<div class=\"elementor-element elementor-element-d1ceb00 e-flex e-con-boxed e-con e-parent\" data-id=\"d1ceb00\" data-element_type=\"container\">\n\t\t\t\t\t<div class=\"e-con-inner\">\n\t\t\t\t<div class=\"elementor-element elementor-element-d6ddb5a elementor-widget elementor-widget-heading\" data-id=\"d6ddb5a\" data-element_type=\"widget\" data-widget_type=\"heading.default\">\n\t\t\t\t\t<h2 class=\"elementor-heading-title elementor-size-default\">Oblicz sw\u00f3j pakiet\n<\/h2>\t\t\t\t<\/div>\n\t\t\t\t<div class=\"elementor-element elementor-element-986d053 elementor-widget elementor-widget-heading\" data-id=\"986d053\" data-element_type=\"widget\" data-widget_type=\"heading.default\">\n\t\t\t\t\t<h2 class=\"elementor-heading-title elementor-size-default\">Otrzymaj natychmiastow\u0105 wycen\u0119 dopasowan\u0105 do Twoich potrzeb. Ka\u017cdy projekt jest wyj\u0105tkowy, dlatego przygotujemy dla Ciebie spersonalizowan\u0105 ofert\u0119.<\/h2>\t\t\t\t<\/div>\n\t\t\t\t\t<\/div>\n\t\t\t\t<\/div>\n\t\t<div class=\"elementor-element elementor-element-837f7d1 e-flex e-con-boxed e-con e-parent\" data-id=\"837f7d1\" data-element_type=\"container\">\n\t\t\t\t\t<div class=\"e-con-inner\">\n\t\t\t\t<div class=\"elementor-element elementor-element-0a22a3b elementor-widget elementor-widget-html\" data-id=\"0a22a3b\" data-element_type=\"widget\" data-widget_type=\"html.default\">\n\t\t\t\t\t<!-- === NICE.REELS PRICING CALCULATOR === -->\r\n\r\n<style>\r\n@import url('https:\/\/fonts.googleapis.com\/css2?family=Poppins:wght@300;400;500;600;700;800&display=swap');\r\n\r\n.nr-pricing-clean,\r\n.nr-pricing-clean * {\r\n  font-family: 'Poppins', sans-serif;\r\n  box-sizing: border-box;\r\n}\r\n.nr-pricing-clean {\r\n  max-width: 880px;   \/* desktop *\/\r\n  margin: 0 auto;\r\n  padding: 0 16px;\r\n}\r\n\r\n\/* Tablet *\/\r\n@media (max-width: 1024px) {\r\n  .nr-pricing-clean {\r\n    max-width: 720px;\r\n  }\r\n}\r\n\r\n\/* Mobile *\/\r\n@media (max-width: 640px) {\r\n  .nr-pricing-clean {\r\n    max-width: 100%;\r\n  }\r\n}\r\n\r\n\r\n\/* Card *\/\r\n.nr-card {\r\n  background: #f9f3eb;\r\n  border-radius: 20px;\r\n  padding: 28px;\r\n  box-shadow: 0 20px 50px rgba(0,0,0,0.08);\r\n}\r\n\r\n\/* Section title *\/\r\n.nr-card h3 {\r\n  font-size: 26px;\r\n  font-weight: 700;\r\n  margin-bottom: 6px;\r\n}\r\n\r\n.nr-sub {\r\n  font-size: 14px;\r\n  color: #6f6f6f;\r\n  margin-bottom: 24px;\r\n}\r\n\r\n\/* Labels *\/\r\n.nr-label {\r\n  font-weight: 600;\r\n  margin-bottom: 12px;\r\n  display: block;\r\n}\r\n\r\n\/* Options *\/\r\n.nr-option {\r\n  display: flex;\r\n  align-items: center;\r\n  gap: 10px;\r\n  padding: 14px 16px;\r\n  border-radius: 14px;\r\n  border: 1px solid #e5d6c5;\r\n  margin-bottom: 10px;\r\n  cursor: pointer;\r\n  transition: all .2s ease;\r\n}\r\n\r\n.nr-option:hover {\r\n  border-color: #c79a6d;\r\n}\r\n\r\n.nr-option input {\r\n  accent-color: #c79a6d;\r\n}\r\n\r\n\/* Checkbox spacing *\/\r\n.nr-checkbox {\r\n  align-items: flex-start;\r\n}\r\n\r\n\/* Price box *\/\r\n.nr-price-box {\r\n  background: #f1e5d6;\r\n  border-radius: 16px;\r\n  padding: 22px;\r\n  margin-top: 24px;\r\n  text-align: center;\r\n}\r\n\r\n.nr-price-label {\r\n  font-size: 13px;\r\n  color: #7a7a7a;\r\n  margin-bottom: 6px;\r\n}\r\n\r\n.nr-price {\r\n  font-size: 42px;\r\n  font-weight: 800;\r\n  color: #c79a6d;\r\n  letter-spacing: -1px;\r\n}\r\n\r\n.nr-price-sub {\r\n  font-size: 13px;\r\n  color: #7a7a7a;\r\n  margin-top: 4px;\r\n}\r\n\r\n\/* Button *\/\r\n.nr-btn {\r\n  margin-top: 18px;\r\n  width: 100%;\r\n  border: none;\r\n  border-radius: 999px;\r\n  padding: 14px;\r\n  font-size: 16px;\r\n  font-weight: 600;\r\n  background: #c79a6d;\r\n  color: #fff;\r\n  cursor: pointer;\r\n  transition: transform .2s ease, box-shadow .2s ease;\r\n}\r\n\r\n.nr-btn:hover {\r\n  transform: translateY(-1px);\r\n  box-shadow: 0 10px 30px rgba(199,154,109,.35);\r\n}\r\n<\/style>\r\n\r\n<div class=\"nr-pricing-clean\">\r\n  <div class=\"nr-card\">\r\n\r\n    <h3>Dostosuj sw\u00f3j pakiet<\/h3>\r\n    <p class=\"nr-sub\">Wybierz us\u0142ugi i zobacz szacunkow\u0105 inwestycj\u0119<\/p>\r\n\r\n    <!-- REELS -->\r\n    <label class=\"nr-label\">Ile Reels\u00f3w miesi\u0119cznie?<\/label>\r\n\r\n    <label class=\"nr-option\">\r\n      <input type=\"radio\" name=\"reels\" value=\"1-4\" checked>\r\n      <span>1\u20134 Reelsy <small>(350\u2013600 z\u0142 za Reelsa)<\/small><\/span>\r\n    <\/label>\r\n\r\n    <label class=\"nr-option\">\r\n      <input type=\"radio\" name=\"reels\" value=\"5-10\">\r\n      <span>5\u201310 Reels\u00f3w <small>(1500\u20132500 z\u0142 \/ miesi\u0105c)<\/small><\/span>\r\n    <\/label>\r\n\r\n    <label class=\"nr-option\">\r\n      <input type=\"radio\" name=\"reels\" value=\"10+\">\r\n      <span>10+ Reels\u00f3w <small>(2500\u20134000 z\u0142 \/ miesi\u0105c)<\/small><\/span>\r\n    <\/label>\r\n\r\n    <!-- ADDONS -->\r\n    <label class=\"nr-label\" style=\"margin-top:22px;\">Dodatkowe us\u0142ugi<\/label>\r\n\r\n    <label class=\"nr-option nr-checkbox\">\r\n      <input type=\"checkbox\" id=\"management\">\r\n      <span>\r\n        <strong>Prowadzenie profilu<\/strong><br>\r\n        <small>Posty, stories i strategia (1200\u20132000 z\u0142 \/ miesi\u0105c)<\/small>\r\n      <\/span>\r\n    <\/label>\r\n\r\n    <label class=\"nr-option nr-checkbox\">\r\n      <input type=\"checkbox\" id=\"photos\">\r\n      <span>\r\n        <strong>Sesja zdj\u0119ciowa<\/strong><br>\r\n        <small>30 edytowanych zdj\u0119\u0107 lifestyle (800\u20131500 z\u0142)<\/small>\r\n      <\/span>\r\n    <\/label>\r\n\r\n    <!-- PRICE -->\r\n    <div class=\"nr-price-box\">\r\n      <div class=\"nr-price-label\">Szacunkowa inwestycja<\/div>\r\n      <div class=\"nr-price\" id=\"nrPrice\">350\u2013600 z\u0142<\/div>\r\n      <div class=\"nr-price-sub\" id=\"nrPriceSub\">za projekt<\/div>\r\n\r\n      <button class=\"nr-btn\" onclick=\"scrollToContact()\">\r\n        Otrzymaj spersonalizowan\u0105 wycen\u0119\r\n      <\/button>\r\n    <\/div>\r\n\r\n  <\/div>\r\n<\/div>\r\n\r\n<script>\r\nfunction calculatePrice() {\r\n  let min = 0;\r\n  let max = 0;\r\n  let reels = document.querySelector('input[name=\"reels\"]:checked').value;\r\n\r\n  if (reels === \"1-4\") { min = 350; max = 600; }\r\n  if (reels === \"5-10\") { min = 1500; max = 2500; }\r\n  if (reels === \"10+\") { min = 2500; max = 4000; }\r\n\r\n  if (document.getElementById(\"management\").checked) {\r\n    min += 1200; max += 2000;\r\n  }\r\n\r\n  if (document.getElementById(\"photos\").checked) {\r\n    min += 800; max += 1500;\r\n  }\r\n\r\n  document.getElementById(\"nrPrice\").innerText = `${min}\u2013${max} z\u0142`;\r\n  document.getElementById(\"nrPriceSub\").innerText =\r\n    reels === \"1-4\" ? \"za projekt\" : \"miesi\u0119cznie\";\r\n}\r\n\r\ndocument.querySelectorAll(\"input\").forEach(el =>\r\n  el.addEventListener(\"change\", calculatePrice)\r\n);\r\n\r\nfunction scrollToContact() {\r\n  const el = document.getElementById(\"contact\");\r\n  if (el) el.scrollIntoView({ behavior: \"smooth\" });\r\n}\r\n<\/script>\r\n\t\t\t\t<\/div>\n\t\t\t\t\t<\/div>\n\t\t\t\t<\/div>\n\t\t<div class=\"elementor-element elementor-element-b2793e6 e-flex e-con-boxed e-con e-parent\" data-id=\"b2793e6\" data-element_type=\"container\">\n\t\t\t\t\t<div class=\"e-con-inner\">\n\t\t\t\t<div class=\"elementor-element elementor-element-695d6da elementor-widget elementor-widget-heading\" data-id=\"695d6da\" data-element_type=\"widget\" data-widget_type=\"heading.default\">\n\t\t\t\t\t<h2 class=\"elementor-heading-title elementor-size-default\">Opinie klient\u00f3w<\/h2>\t\t\t\t<\/div>\n\t\t\t\t<div class=\"elementor-element elementor-element-bad09ac elementor-widget elementor-widget-heading\" data-id=\"bad09ac\" data-element_type=\"widget\" data-widget_type=\"heading.default\">\n\t\t\t\t\t<h2 class=\"elementor-heading-title elementor-size-default\">Prawdziwe rezultaty od prawdziwych firm. Zobacz, jak pomogli\u015bmy markom rozwin\u0105\u0107 ich obecno\u015b\u0107 w social mediach i osi\u0105gn\u0105\u0107 cele.<\/h2>\t\t\t\t<\/div>\n\t\t\t\t\t<\/div>\n\t\t\t\t<\/div>\n\t\t<div class=\"elementor-element elementor-element-a78f62d e-flex e-con-boxed e-con e-parent\" data-id=\"a78f62d\" data-element_type=\"container\">\n\t\t\t\t\t<div class=\"e-con-inner\">\n\t\t<div class=\"elementor-element elementor-element-875890f e-con-full e-flex e-con e-child\" data-id=\"875890f\" data-element_type=\"container\" data-settings=\"{&quot;background_background&quot;:&quot;classic&quot;}\">\n\t\t\t\t<div class=\"elementor-element elementor-element-e9868d9 elementor-view-default elementor-position-block-start elementor-mobile-position-block-start elementor-widget elementor-widget-icon-box\" data-id=\"e9868d9\" data-element_type=\"widget\" data-widget_type=\"icon-box.default\">\n\t\t\t\t\t\t\t<div class=\"elementor-icon-box-wrapper\">\n\n\t\t\t\t\t\t<div class=\"elementor-icon-box-icon\">\n\t\t\t\t<span  class=\"elementor-icon\">\n\t\t\t\t<svg aria-hidden=\"true\" class=\"e-font-icon-svg e-fas-quote-right\" viewBox=\"0 0 512 512\" xmlns=\"http:\/\/www.w3.org\/2000\/svg\"><path d=\"M464 32H336c-26.5 0-48 21.5-48 48v128c0 26.5 21.5 48 48 48h80v64c0 35.3-28.7 64-64 64h-8c-13.3 0-24 10.7-24 24v48c0 13.3 10.7 24 24 24h8c88.4 0 160-71.6 160-160V80c0-26.5-21.5-48-48-48zm-288 0H48C21.5 32 0 53.5 0 80v128c0 26.5 21.5 48 48 48h80v64c0 35.3-28.7 64-64 64h-8c-13.3 0-24 10.7-24 24v48c0 13.3 10.7 24 24 24h8c88.4 0 160-71.6 160-160V80c0-26.5-21.5-48-48-48z\"><\/path><\/svg>\t\t\t\t<\/span>\n\t\t\t<\/div>\n\t\t\t\n\t\t\t\t\t\t<div class=\"elementor-icon-box-content\">\n\n\t\t\t\t\t\t\t\t\t<h3 class=\"elementor-icon-box-title\">\n\t\t\t\t\t\t<span  >\n\t\t\t\t\t\t\t\"Kasia zmieni\u0142a nasz\u0105 obecno\u015b\u0107 na Instagramie! Nasze Reelsy maj\u0105 teraz 10x wi\u0119ksze zaanga\u017cowanie, a wizyty w sklepie znacz\u0105co wzros\u0142y. Jej wyczucie estetyki jest niesamowite.\"\t\t\t\t\t\t<\/span>\n\t\t\t\t\t<\/h3>\n\t\t\t\t\n\t\t\t\t\t\t\t\t\t<p class=\"elementor-icon-box-description\">\n\t\t\t\t\t\tAnna Kowalska\t\t\t\t\t<\/p>\n\t\t\t\t\n\t\t\t<\/div>\n\t\t\t\n\t\t<\/div>\n\t\t\t\t\t\t<\/div>\n\t\t\t\t<\/div>\n\t\t<div class=\"elementor-element elementor-element-65c9f24 e-con-full e-flex e-con e-child\" data-id=\"65c9f24\" data-element_type=\"container\" data-settings=\"{&quot;background_background&quot;:&quot;classic&quot;}\">\n\t\t\t\t<div class=\"elementor-element elementor-element-edf04c9 elementor-view-default elementor-position-block-start elementor-mobile-position-block-start elementor-widget elementor-widget-icon-box\" data-id=\"edf04c9\" data-element_type=\"widget\" data-widget_type=\"icon-box.default\">\n\t\t\t\t\t\t\t<div class=\"elementor-icon-box-wrapper\">\n\n\t\t\t\t\t\t<div class=\"elementor-icon-box-icon\">\n\t\t\t\t<span  class=\"elementor-icon\">\n\t\t\t\t<svg aria-hidden=\"true\" class=\"e-font-icon-svg e-fas-quote-right\" viewBox=\"0 0 512 512\" xmlns=\"http:\/\/www.w3.org\/2000\/svg\"><path d=\"M464 32H336c-26.5 0-48 21.5-48 48v128c0 26.5 21.5 48 48 48h80v64c0 35.3-28.7 64-64 64h-8c-13.3 0-24 10.7-24 24v48c0 13.3 10.7 24 24 24h8c88.4 0 160-71.6 160-160V80c0-26.5-21.5-48-48-48zm-288 0H48C21.5 32 0 53.5 0 80v128c0 26.5 21.5 48 48 48h80v64c0 35.3-28.7 64-64 64h-8c-13.3 0-24 10.7-24 24v48c0 13.3 10.7 24 24 24h8c88.4 0 160-71.6 160-160V80c0-26.5-21.5-48-48-48z\"><\/path><\/svg>\t\t\t\t<\/span>\n\t\t\t<\/div>\n\t\t\t\n\t\t\t\t\t\t<div class=\"elementor-icon-box-content\">\n\n\t\t\t\t\t\t\t\t\t<h3 class=\"elementor-icon-box-title\">\n\t\t\t\t\t\t<span  >\n\t\t\t\t\t\t\t\"Wsp\u00f3\u0142praca z Nice.Reels to najlepsza decyzja dla naszej kawiarni. Content lifestyle idealnie oddaje nasz klimat, a liczba obserwuj\u0105cych potroi\u0142a si\u0119 w zaledwie 3 miesi\u0105ce!\"\t\t\t\t\t\t<\/span>\n\t\t\t\t\t<\/h3>\n\t\t\t\t\n\t\t\t\t\t\t\t\t\t<p class=\"elementor-icon-box-description\">\n\t\t\t\t\t\tMicha\u0142 Wi\u015bniewski\n\n\t\t\t\t\t<\/p>\n\t\t\t\t\n\t\t\t<\/div>\n\t\t\t\n\t\t<\/div>\n\t\t\t\t\t\t<\/div>\n\t\t\t\t<\/div>\n\t\t<div class=\"elementor-element elementor-element-2147b9e e-con-full e-flex e-con e-child\" data-id=\"2147b9e\" data-element_type=\"container\" data-settings=\"{&quot;background_background&quot;:&quot;classic&quot;}\">\n\t\t\t\t<div class=\"elementor-element elementor-element-a8ba299 elementor-view-default elementor-position-block-start elementor-mobile-position-block-start elementor-widget elementor-widget-icon-box\" data-id=\"a8ba299\" data-element_type=\"widget\" data-widget_type=\"icon-box.default\">\n\t\t\t\t\t\t\t<div class=\"elementor-icon-box-wrapper\">\n\n\t\t\t\t\t\t<div class=\"elementor-icon-box-icon\">\n\t\t\t\t<span  class=\"elementor-icon\">\n\t\t\t\t<svg aria-hidden=\"true\" class=\"e-font-icon-svg e-fas-quote-right\" viewBox=\"0 0 512 512\" xmlns=\"http:\/\/www.w3.org\/2000\/svg\"><path d=\"M464 32H336c-26.5 0-48 21.5-48 48v128c0 26.5 21.5 48 48 48h80v64c0 35.3-28.7 64-64 64h-8c-13.3 0-24 10.7-24 24v48c0 13.3 10.7 24 24 24h8c88.4 0 160-71.6 160-160V80c0-26.5-21.5-48-48-48zm-288 0H48C21.5 32 0 53.5 0 80v128c0 26.5 21.5 48 48 48h80v64c0 35.3-28.7 64-64 64h-8c-13.3 0-24 10.7-24 24v48c0 13.3 10.7 24 24 24h8c88.4 0 160-71.6 160-160V80c0-26.5-21.5-48-48-48z\"><\/path><\/svg>\t\t\t\t<\/span>\n\t\t\t<\/div>\n\t\t\t\n\t\t\t\t\t\t<div class=\"elementor-icon-box-content\">\n\n\t\t\t\t\t\t\t\t\t<h3 class=\"elementor-icon-box-title\">\n\t\t\t\t\t\t<span  >\n\t\t\t\t\t\t\t\"Profesjonalizm, kreatywno\u015b\u0107 i zawsze na czasie. Kasia wie dok\u0142adnie, co dzia\u0142a w social mediach. Nasze rezerwacje wzros\u0142y o 60% odk\u0105d zacz\u0119\u0142y\u015bmy wsp\u00f3\u0142prac\u0119!\"\t\t\t\t\t\t<\/span>\n\t\t\t\t\t<\/h3>\n\t\t\t\t\n\t\t\t\t\t\t\t\t\t<p class=\"elementor-icon-box-description\">\n\t\t\t\t\t\tOla Nowak\t\t\t\t\t<\/p>\n\t\t\t\t\n\t\t\t<\/div>\n\t\t\t\n\t\t<\/div>\n\t\t\t\t\t\t<\/div>\n\t\t\t\t<\/div>\n\t\t\t\t\t<\/div>\n\t\t\t\t<\/div>\n\t\t<div class=\"elementor-element elementor-element-b1b8988 e-flex e-con-boxed e-con e-parent\" data-id=\"b1b8988\" data-element_type=\"container\">\n\t\t\t\t\t<div class=\"e-con-inner\">\n\t\t\t\t<div class=\"elementor-element elementor-element-59465ef elementor-widget elementor-widget-heading\" data-id=\"59465ef\" data-element_type=\"widget\" data-widget_type=\"heading.default\">\n\t\t\t\t\t<h2 class=\"elementor-heading-title elementor-size-default\">Porozmawiajmy o Twoim projekcie<\/h2>\t\t\t\t<\/div>\n\t\t\t\t<div class=\"elementor-element elementor-element-3eb637f elementor-widget elementor-widget-heading\" data-id=\"3eb637f\" data-element_type=\"widget\" data-widget_type=\"heading.default\">\n\t\t\t\t\t<h2 class=\"elementor-heading-title elementor-size-default\">Gotowy, by podnie\u015b\u0107 swoj\u0105 obecno\u015b\u0107 w social mediach? Wype\u0142nij formularz poni\u017cej, a my wr\u00f3cimy z spersonalizowan\u0105 propozycj\u0105.<\/h2>\t\t\t\t<\/div>\n\t\t\t\t\t<\/div>\n\t\t\t\t<\/div>\n\t\t\t\t<\/div>\n\t\t","protected":false},"excerpt":{"rendered":"<p>LET\u2019S MAKE YOUR BRAND GLOW O MNIE Hejka! Jestem Kasia &#8211; ogarniam social media, tworz\u0119 i inspiruj\u0119. Uwielbiam zachody s\u0142o\u0144ca, podr\u00f3\u017ce i prawdziwe historie ludzi i marek. W nice.reels tworz\u0119 videocontent, kt\u00f3ry przyci\u0105ga uwag\u0119 od pierwszych sekund \u2014 bo \u0142\u0105czy estetyk\u0119, emocje i strategiczne my\u015blenie. Wierz\u0119, \u017ce ka\u017cdy kadr mo\u017ce by\u0107 jak moment przed zachodem [&hellip;]<\/p>\n","protected":false},"author":1,"featured_media":0,"parent":0,"menu_order":0,"comment_status":"closed","ping_status":"closed","template":"elementor_header_footer","meta":{"footnotes":""},"class_list":["post-26","page","type-page","status-publish","hentry"],"_links":{"self":[{"href":"https:\/\/nicereels.pl\/index.php?rest_route=\/wp\/v2\/pages\/26","targetHints":{"allow":["GET"]}}],"collection":[{"href":"https:\/\/nicereels.pl\/index.php?rest_route=\/wp\/v2\/pages"}],"about":[{"href":"https:\/\/nicereels.pl\/index.php?rest_route=\/wp\/v2\/types\/page"}],"author":[{"embeddable":true,"href":"https:\/\/nicereels.pl\/index.php?rest_route=\/wp\/v2\/users\/1"}],"replies":[{"embeddable":true,"href":"https:\/\/nicereels.pl\/index.php?rest_route=%2Fwp%2Fv2%2Fcomments&post=26"}],"version-history":[{"count":14,"href":"https:\/\/nicereels.pl\/index.php?rest_route=\/wp\/v2\/pages\/26\/revisions"}],"predecessor-version":[{"id":98,"href":"https:\/\/nicereels.pl\/index.php?rest_route=\/wp\/v2\/pages\/26\/revisions\/98"}],"wp:attachment":[{"href":"https:\/\/nicereels.pl\/index.php?rest_route=%2Fwp%2Fv2%2Fmedia&parent=26"}],"curies":[{"name":"wp","href":"https:\/\/api.w.org\/{rel}","templated":true}]}}